{"id":12,"date":"2025-10-28T12:49:55","date_gmt":"2025-10-28T12:49:55","guid":{"rendered":"https:\/\/andreavicedopsicologa.com\/?page_id=12"},"modified":"2026-01-25T15:42:02","modified_gmt":"2026-01-25T15:42:02","slug":"sobre-mi","status":"publish","type":"page","link":"https:\/\/andreavicedopsicologa.com\/?page_id=12","title":{"rendered":"Sobre m\u00ed"},"content":{"rendered":"\t\t<div data-elementor-type=\"wp-page\" data-elementor-id=\"12\" class=\"elementor elementor-12\" data-elementor-post-type=\"page\">\n\t\t\t\t<div class=\"elementor-element elementor-element-2db3d1b e-flex e-con-boxed e-con e-parent\" data-id=\"2db3d1b\" data-element_type=\"container\" data-e-type=\"container\" data-settings=\"{&quot;shape_divider_bottom&quot;:&quot;book&quot;,&quot;background_background&quot;:&quot;classic&quot;,&quot;shape_divider_top&quot;:&quot;mountains&quot;}\">\n\t\t\t\t\t<div class=\"e-con-inner\">\n\t\t\t\t<div class=\"elementor-shape elementor-shape-top\" aria-hidden=\"true\" data-negative=\"false\">\n\t\t\t<svg xmlns=\"http:\/\/www.w3.org\/2000\/svg\" viewBox=\"0 0 1000 100\" preserveAspectRatio=\"none\">\n\t<path class=\"elementor-shape-fill\" opacity=\"0.33\" d=\"M473,67.3c-203.9,88.3-263.1-34-320.3,0C66,119.1,0,59.7,0,59.7V0h1000v59.7 c0,0-62.1,26.1-94.9,29.3c-32.8,3.3-62.8-12.3-75.8-22.1C806,49.6,745.3,8.7,694.9,4.7S492.4,59,473,67.3z\"\/>\n\t<path class=\"elementor-shape-fill\" opacity=\"0.66\" d=\"M734,67.3c-45.5,0-77.2-23.2-129.1-39.1c-28.6-8.7-150.3-10.1-254,39.1 s-91.7-34.4-149.2,0C115.7,118.3,0,39.8,0,39.8V0h1000v36.5c0,0-28.2-18.5-92.1-18.5C810.2,18.1,775.7,67.3,734,67.3z\"\/>\n\t<path class=\"elementor-shape-fill\" d=\"M766.1,28.9c-200-57.5-266,65.5-395.1,19.5C242,1.8,242,5.4,184.8,20.6C128,35.8,132.3,44.9,89.9,52.5C28.6,63.7,0,0,0,0 h1000c0,0-9.9,40.9-83.6,48.1S829.6,47,766.1,28.9z\"\/>\n<\/svg>\t\t<\/div>\n\t\t\t\t<div class=\"elementor-shape elementor-shape-bottom\" aria-hidden=\"true\" data-negative=\"false\">\n\t\t\t<svg xmlns=\"http:\/\/www.w3.org\/2000\/svg\" viewBox=\"0 0 1000 100\" preserveAspectRatio=\"none\">\n\t<path class=\"elementor-shape-fill\" d=\"M194,99c186.7,0.7,305-78.3,306-97.2c1,18.9,119.3,97.9,306,97.2c114.3-0.3,194,0.3,194,0.3s0-91.7,0-100c0,0,0,0,0-0 L0,0v99.3C0,99.3,79.7,98.7,194,99z\"\/>\n<\/svg>\t\t<\/div>\n\t\t\t\t<div class=\"elementor-element elementor-element-30eb7a5 elementor-widget elementor-widget-spacer\" data-id=\"30eb7a5\" data-element_type=\"widget\" data-e-type=\"widget\" data-widget_type=\"spacer.default\">\n\t\t\t\t\t\t\t<div class=\"elementor-spacer\">\n\t\t\t<div class=\"elementor-spacer-inner\"><\/div>\n\t\t<\/div>\n\t\t\t\t\t\t<\/div>\n\t\t\t\t<div class=\"elementor-element elementor-element-0dae38b elementor-widget elementor-widget-text-editor\" data-id=\"0dae38b\" data-element_type=\"widget\" data-e-type=\"widget\" data-widget_type=\"text-editor.default\">\n\t\t\t\t\t\t\t\t\t<p>Sobre m\u00ed<\/p>\t\t\t\t\t\t\t\t<\/div>\n\t\t\t\t<div class=\"elementor-element elementor-element-d27c372 elementor-widget elementor-widget-heading\" data-id=\"d27c372\" data-element_type=\"widget\" data-e-type=\"widget\" data-widget_type=\"heading.default\">\n\t\t\t\t\t<h2 class=\"elementor-heading-title elementor-size-default\">Con\u00f3ceme un poco m\u00e1s<\/h2>\t\t\t\t<\/div>\n\t\t\t\t<div class=\"elementor-element elementor-element-8f81abb elementor-widget elementor-widget-spacer\" data-id=\"8f81abb\" data-element_type=\"widget\" data-e-type=\"widget\" data-widget_type=\"spacer.default\">\n\t\t\t\t\t\t\t<div class=\"elementor-spacer\">\n\t\t\t<div class=\"elementor-spacer-inner\"><\/div>\n\t\t<\/div>\n\t\t\t\t\t\t<\/div>\n\t\t\t\t\t<\/div>\n\t\t\t\t<\/div>\n\t\t<div class=\"elementor-element elementor-element-3d1f844 e-flex e-con-boxed elementor-invisible e-con e-parent\" data-id=\"3d1f844\" data-element_type=\"container\" data-e-type=\"container\" data-settings=\"{&quot;animation&quot;:&quot;fadeInUp&quot;}\">\n\t\t\t\t\t<div class=\"e-con-inner\">\n\t\t<div class=\"elementor-element elementor-element-7335e10 e-con-full e-flex e-con e-child\" data-id=\"7335e10\" data-element_type=\"container\" data-e-type=\"container\">\n\t\t\t\t<div class=\"elementor-element elementor-element-b70e29b elementor-widget elementor-widget-spacer\" data-id=\"b70e29b\" data-element_type=\"widget\" data-e-type=\"widget\" data-widget_type=\"spacer.default\">\n\t\t\t\t\t\t\t<div class=\"elementor-spacer\">\n\t\t\t<div class=\"elementor-spacer-inner\"><\/div>\n\t\t<\/div>\n\t\t\t\t\t\t<\/div>\n\t\t\t\t<div class=\"elementor-element elementor-element-d58c0c1 elementor-widget elementor-widget-text-editor\" data-id=\"d58c0c1\" data-element_type=\"widget\" data-e-type=\"widget\" data-widget_type=\"text-editor.default\">\n\t\t\t\t\t\t\t\t\t<p>C\u00f3mo acab\u00e9 aqu\u00ed<\/p><p>(y por qu\u00e9 me encanta)<\/p>\t\t\t\t\t\t\t\t<\/div>\n\t\t\t\t<div class=\"elementor-element elementor-element-ef4895b elementor-widget elementor-widget-heading\" data-id=\"ef4895b\" data-element_type=\"widget\" data-e-type=\"widget\" data-widget_type=\"heading.default\">\n\t\t\t\t\t<h2 class=\"elementor-heading-title elementor-size-default\">Andrea Vicedo Pastor, psic\u00f3loga general sanitaria<\/h2>\t\t\t\t<\/div>\n\t\t\t\t<div class=\"elementor-element elementor-element-7bf13a2 elementor-widget elementor-widget-text-editor\" data-id=\"7bf13a2\" data-element_type=\"widget\" data-e-type=\"widget\" data-widget_type=\"text-editor.default\">\n\t\t\t\t\t\t\t\t\t<p><strong>Colegiada N\u00ba CV19031<\/strong><\/p><p><strong>\u00a0<\/strong><\/p><p data-start=\"1269\" data-end=\"1588\">Desde peque\u00f1a siempre me llam\u00f3 la atenci\u00f3n la <em data-start=\"1349\" data-end=\"1366\">conducta humana<\/em>. He sido de las que se quedan pensando en cosas como: \u201c\u00bfPor qu\u00e9 hacemos esto?\u201d, \u201c\u00bfPor qu\u00e9 sentimos aquello?\u201d, o \u201c\u00bfPor qu\u00e9 a veces nos complicamos tanto la vida?\u201d&#8230; As\u00ed que no fue una sorpresa que acabara <strong>estudiando Psicolog\u00eda<\/strong>.<\/p><p data-start=\"1590\" data-end=\"1885\">Eso s\u00ed, aqu\u00ed viene la parte divertida: a m\u00ed lo que me gustaba era toda la ciencia detr\u00e1s de los pensamientos y del comportamiento. Lo de investigar, leer estudios, analizar datos, muy de \u201cquiero entender los mecanismos detr\u00e1s de la conducta humana\u201d\u2026 <em>E<\/em><em data-start=\"1770\" data-end=\"1782\">sa era yo<\/em>. Y por supuesto, yo ten\u00eda clar\u00edsimo que <strong data-start=\"1823\" data-end=\"1854\">no iba a atender a personas<\/strong>. No, no, eso no era para m\u00ed (spoiler: estaba muy equivocada).<\/p><p data-start=\"1887\" data-end=\"2169\">Pero la vida tiene estas cosas, te ense\u00f1a que <strong>lo que crees que quieres no siempre coincide con lo que te hace sentir viva<\/strong>. Y descubr\u00ed que la investigaci\u00f3n ten\u00eda mucho de ordenador, mucho de soledad\u2026 y muy poquito de personas.<\/p><p data-start=\"2171\" data-end=\"2391\">Y ah\u00ed fue cuando entend\u00ed que, lo que realmente me llenaba era la interacci\u00f3n. <strong>Conectar<\/strong>. Escuchar historias reales. Acompa\u00f1ar procesos humanos, de esos que empiezan con un <strong>\u201cno s\u00e9 qu\u00e9 me pasa\u201d<\/strong> y acaban con un <strong>\u201cahora s\u00ed me entiendo\u201d<\/strong>.<\/p><p data-start=\"2393\" data-end=\"2661\">As\u00ed que mi camino termin\u00f3 girando hacia lo que hoy es mi vocaci\u00f3n: <strong data-start=\"2460\" data-end=\"2490\">estar con personas como t\u00fa<\/strong>. Sostener, acompa\u00f1ar, ayudar, como quieras llamarlo. Pero siempre con algo en com\u00fan: un <strong>trabajo humano, cercano<\/strong> y con la mirada puesta en lo m\u00e1s importante: <strong>t\u00fa<\/strong>.<\/p>\t\t\t\t\t\t\t\t<\/div>\n\t\t\t\t<\/div>\n\t\t<div class=\"elementor-element elementor-element-0f89448 e-con-full e-flex e-con e-child\" data-id=\"0f89448\" data-element_type=\"container\" data-e-type=\"container\">\n\t\t\t\t<div class=\"elementor-element elementor-element-0105439 elementor-widget elementor-widget-spacer\" data-id=\"0105439\" data-element_type=\"widget\" data-e-type=\"widget\" data-widget_type=\"spacer.default\">\n\t\t\t\t\t\t\t<div class=\"elementor-spacer\">\n\t\t\t<div class=\"elementor-spacer-inner\"><\/div>\n\t\t<\/div>\n\t\t\t\t\t\t<\/div>\n\t\t\t\t<div class=\"elementor-element elementor-element-1157079 elementor-widget__width-initial elementor-widget elementor-widget-image\" data-id=\"1157079\" data-element_type=\"widget\" data-e-type=\"widget\" data-widget_type=\"image.default\">\n\t\t\t\t\t\t\t\t\t\t\t\t\t\t\t<img fetchpriority=\"high\" decoding=\"async\" width=\"769\" height=\"1024\" src=\"https:\/\/andreavicedopsicologa.com\/wp-content\/uploads\/2025\/11\/image00446-769x1024.jpeg\" class=\"attachment-large size-large wp-image-181\" alt=\"\" srcset=\"https:\/\/andreavicedopsicologa.com\/wp-content\/uploads\/2025\/11\/image00446-769x1024.jpeg 769w, https:\/\/andreavicedopsicologa.com\/wp-content\/uploads\/2025\/11\/image00446-225x300.jpeg 225w, https:\/\/andreavicedopsicologa.com\/wp-content\/uploads\/2025\/11\/image00446-768x1022.jpeg 768w, https:\/\/andreavicedopsicologa.com\/wp-content\/uploads\/2025\/11\/image00446-1154x1536.jpeg 1154w, https:\/\/andreavicedopsicologa.com\/wp-content\/uploads\/2025\/11\/image00446-1539x2048.jpeg 1539w, https:\/\/andreavicedopsicologa.com\/wp-content\/uploads\/2025\/11\/image00446-scaled.jpeg 1923w\" sizes=\"(max-width: 769px) 100vw, 769px\" \/>\t\t\t\t\t\t\t\t\t\t\t\t\t\t\t<\/div>\n\t\t\t\t<\/div>\n\t\t\t\t\t<\/div>\n\t\t\t\t<\/div>\n\t\t<div class=\"elementor-element elementor-element-4eae4a6 e-flex e-con-boxed e-con e-parent\" data-id=\"4eae4a6\" data-element_type=\"container\" data-e-type=\"container\">\n\t\t\t\t\t<div class=\"e-con-inner\">\n\t\t\t\t<div class=\"elementor-element elementor-element-a97c4fc elementor-widget elementor-widget-spacer\" data-id=\"a97c4fc\" data-element_type=\"widget\" data-e-type=\"widget\" data-widget_type=\"spacer.default\">\n\t\t\t\t\t\t\t<div class=\"elementor-spacer\">\n\t\t\t<div class=\"elementor-spacer-inner\"><\/div>\n\t\t<\/div>\n\t\t\t\t\t\t<\/div>\n\t\t\t\t<div class=\"elementor-element elementor-element-7d449c8 elementor-widget elementor-widget-text-editor\" data-id=\"7d449c8\" data-element_type=\"widget\" data-e-type=\"widget\" data-widget_type=\"text-editor.default\">\n\t\t\t\t\t\t\t\t\t<p>C\u00f3mo me he preparado para acompa\u00f1arte<\/p>\t\t\t\t\t\t\t\t<\/div>\n\t\t\t\t\t<\/div>\n\t\t\t\t<\/div>\n\t\t<div class=\"elementor-element elementor-element-ad0b955 e-flex e-con-boxed elementor-invisible e-con e-parent\" data-id=\"ad0b955\" data-element_type=\"container\" data-e-type=\"container\" data-settings=\"{&quot;background_background&quot;:&quot;classic&quot;,&quot;shape_divider_top&quot;:&quot;mountains&quot;,&quot;shape_divider_bottom&quot;:&quot;mountains&quot;,&quot;animation&quot;:&quot;fadeIn&quot;}\">\n\t\t\t\t\t<div class=\"e-con-inner\">\n\t\t\t\t<div class=\"elementor-shape elementor-shape-top\" aria-hidden=\"true\" data-negative=\"false\">\n\t\t\t<svg xmlns=\"http:\/\/www.w3.org\/2000\/svg\" viewBox=\"0 0 1000 100\" preserveAspectRatio=\"none\">\n\t<path class=\"elementor-shape-fill\" opacity=\"0.33\" d=\"M473,67.3c-203.9,88.3-263.1-34-320.3,0C66,119.1,0,59.7,0,59.7V0h1000v59.7 c0,0-62.1,26.1-94.9,29.3c-32.8,3.3-62.8-12.3-75.8-22.1C806,49.6,745.3,8.7,694.9,4.7S492.4,59,473,67.3z\"\/>\n\t<path class=\"elementor-shape-fill\" opacity=\"0.66\" d=\"M734,67.3c-45.5,0-77.2-23.2-129.1-39.1c-28.6-8.7-150.3-10.1-254,39.1 s-91.7-34.4-149.2,0C115.7,118.3,0,39.8,0,39.8V0h1000v36.5c0,0-28.2-18.5-92.1-18.5C810.2,18.1,775.7,67.3,734,67.3z\"\/>\n\t<path class=\"elementor-shape-fill\" d=\"M766.1,28.9c-200-57.5-266,65.5-395.1,19.5C242,1.8,242,5.4,184.8,20.6C128,35.8,132.3,44.9,89.9,52.5C28.6,63.7,0,0,0,0 h1000c0,0-9.9,40.9-83.6,48.1S829.6,47,766.1,28.9z\"\/>\n<\/svg>\t\t<\/div>\n\t\t\t\t<div class=\"elementor-shape elementor-shape-bottom\" aria-hidden=\"true\" data-negative=\"false\">\n\t\t\t<svg xmlns=\"http:\/\/www.w3.org\/2000\/svg\" viewBox=\"0 0 1000 100\" preserveAspectRatio=\"none\">\n\t<path class=\"elementor-shape-fill\" opacity=\"0.33\" d=\"M473,67.3c-203.9,88.3-263.1-34-320.3,0C66,119.1,0,59.7,0,59.7V0h1000v59.7 c0,0-62.1,26.1-94.9,29.3c-32.8,3.3-62.8-12.3-75.8-22.1C806,49.6,745.3,8.7,694.9,4.7S492.4,59,473,67.3z\"\/>\n\t<path class=\"elementor-shape-fill\" opacity=\"0.66\" d=\"M734,67.3c-45.5,0-77.2-23.2-129.1-39.1c-28.6-8.7-150.3-10.1-254,39.1 s-91.7-34.4-149.2,0C115.7,118.3,0,39.8,0,39.8V0h1000v36.5c0,0-28.2-18.5-92.1-18.5C810.2,18.1,775.7,67.3,734,67.3z\"\/>\n\t<path class=\"elementor-shape-fill\" d=\"M766.1,28.9c-200-57.5-266,65.5-395.1,19.5C242,1.8,242,5.4,184.8,20.6C128,35.8,132.3,44.9,89.9,52.5C28.6,63.7,0,0,0,0 h1000c0,0-9.9,40.9-83.6,48.1S829.6,47,766.1,28.9z\"\/>\n<\/svg>\t\t<\/div>\n\t\t<div class=\"elementor-element elementor-element-8905085 e-con-full e-flex e-con e-child\" data-id=\"8905085\" data-element_type=\"container\" data-e-type=\"container\">\n\t\t\t\t<div class=\"elementor-element elementor-element-a339cb8 elementor-widget elementor-widget-spacer\" data-id=\"a339cb8\" data-element_type=\"widget\" data-e-type=\"widget\" data-widget_type=\"spacer.default\">\n\t\t\t\t\t\t\t<div class=\"elementor-spacer\">\n\t\t\t<div class=\"elementor-spacer-inner\"><\/div>\n\t\t<\/div>\n\t\t\t\t\t\t<\/div>\n\t\t\t\t<div class=\"elementor-element elementor-element-13768e4 elementor-widget elementor-widget-image\" data-id=\"13768e4\" data-element_type=\"widget\" data-e-type=\"widget\" data-widget_type=\"image.default\">\n\t\t\t\t\t\t\t\t\t\t\t\t\t\t\t<img decoding=\"async\" width=\"800\" height=\"928\" src=\"https:\/\/andreavicedopsicologa.com\/wp-content\/uploads\/2025\/10\/image00453-scaled-e1761821887749-883x1024.jpeg\" class=\"attachment-large size-large wp-image-36\" alt=\"\" srcset=\"https:\/\/andreavicedopsicologa.com\/wp-content\/uploads\/2025\/10\/image00453-scaled-e1761821887749-883x1024.jpeg 883w, https:\/\/andreavicedopsicologa.com\/wp-content\/uploads\/2025\/10\/image00453-scaled-e1761821887749-259x300.jpeg 259w, https:\/\/andreavicedopsicologa.com\/wp-content\/uploads\/2025\/10\/image00453-scaled-e1761821887749-768x891.jpeg 768w, https:\/\/andreavicedopsicologa.com\/wp-content\/uploads\/2025\/10\/image00453-scaled-e1761821887749-1324x1536.jpeg 1324w, https:\/\/andreavicedopsicologa.com\/wp-content\/uploads\/2025\/10\/image00453-scaled-e1761821887749-1766x2048.jpeg 1766w, https:\/\/andreavicedopsicologa.com\/wp-content\/uploads\/2025\/10\/image00453-scaled-e1761821887749.jpeg 1894w\" sizes=\"(max-width: 800px) 100vw, 800px\" \/>\t\t\t\t\t\t\t\t\t\t\t\t\t\t\t<\/div>\n\t\t\t\t<\/div>\n\t\t<div class=\"elementor-element elementor-element-2f67241 e-con-full e-flex e-con e-child\" data-id=\"2f67241\" data-element_type=\"container\" data-e-type=\"container\">\n\t\t\t\t<div class=\"elementor-element elementor-element-c1deba3 elementor-widget elementor-widget-heading\" data-id=\"c1deba3\" data-element_type=\"widget\" data-e-type=\"widget\" data-widget_type=\"heading.default\">\n\t\t\t\t\t<h2 class=\"elementor-heading-title elementor-size-default\">Mi formaci\u00f3n y experiencia<\/h2>\t\t\t\t<\/div>\n\t\t\t\t<div class=\"elementor-element elementor-element-8d1fdc4 elementor-widget elementor-widget-text-editor\" data-id=\"8d1fdc4\" data-element_type=\"widget\" data-e-type=\"widget\" data-widget_type=\"text-editor.default\">\n\t\t\t\t\t\t\t\t\t<p data-start=\"2817\" data-end=\"2947\">Me form\u00e9 como psic\u00f3loga en la <strong data-start=\"2847\" data-end=\"2874\">Universidad de Valencia<\/strong>, donde tambi\u00e9n complet\u00e9 el <strong data-start=\"2902\" data-end=\"2944\">M\u00e1ster en Psicolog\u00eda General Sanitaria<\/strong>.<\/p><p data-start=\"2949\" data-end=\"3169\">A lo largo de estos a\u00f1os he seguido especializ\u00e1ndome a trav\u00e9s de distintas formaciones en <strong data-start=\"3039\" data-end=\"3071\">Terapia Cognitivo-Conductual<\/strong> y <strong data-start=\"3074\" data-end=\"3112\">Terapia de Aceptaci\u00f3n y Compromiso<\/strong>, enfoques que gu\u00edan mi manera de trabajar en consulta.<\/p><p data-start=\"3171\" data-end=\"3337\">Adem\u00e1s, contin\u00fao form\u00e1ndome en \u00e1reas que considero esenciales para mi pr\u00e1ctica cl\u00ednica. De hecho, actualmente estoy realizando un <b>Curso de<\/b> <strong>Evaluaci\u00f3n y reparaci\u00f3n del apego en psicoterapia con enfoque integrador, <\/strong>adem\u00e1s del <b>Curso de<\/b><strong>\u00a0Psicoterapia integradora para el tratamiento del trauma.<\/strong><\/p><p data-start=\"3339\" data-end=\"3574\">En mi recorrido he tenido la oportunidad de colaborar con varios centros de psicolog\u00eda, donde he podido acompa\u00f1ar tanto a <strong data-start=\"3461\" data-end=\"3472\">adultos<\/strong> como a <strong data-start=\"3480\" data-end=\"3504\">ni\u00f1os y adolescentes<\/strong>, aprendiendo de cada una de las personas que han pasado por consulta.<\/p><p data-start=\"3339\" data-end=\"3574\">\u00a0<\/p>\t\t\t\t\t\t\t\t<\/div>\n\t\t\t\t<\/div>\n\t\t\t\t\t<\/div>\n\t\t\t\t<\/div>\n\t\t<div class=\"elementor-element elementor-element-51ffcea e-flex e-con-boxed e-con e-parent\" data-id=\"51ffcea\" data-element_type=\"container\" data-e-type=\"container\">\n\t\t\t\t\t<div class=\"e-con-inner\">\n\t\t\t\t<div class=\"elementor-element elementor-element-be9a450 elementor-widget elementor-widget-spacer\" data-id=\"be9a450\" data-element_type=\"widget\" data-e-type=\"widget\" data-widget_type=\"spacer.default\">\n\t\t\t\t\t\t\t<div class=\"elementor-spacer\">\n\t\t\t<div class=\"elementor-spacer-inner\"><\/div>\n\t\t<\/div>\n\t\t\t\t\t\t<\/div>\n\t\t\t\t\t<\/div>\n\t\t\t\t<\/div>\n\t\t<div class=\"elementor-element elementor-element-9983696 e-flex e-con-boxed elementor-invisible e-con e-parent\" data-id=\"9983696\" data-element_type=\"container\" data-e-type=\"container\" data-settings=\"{&quot;animation&quot;:&quot;fadeIn&quot;}\">\n\t\t\t\t\t<div class=\"e-con-inner\">\n\t\t\t\t<div class=\"elementor-element elementor-element-c0af2dd elementor-widget elementor-widget-text-editor\" data-id=\"c0af2dd\" data-element_type=\"widget\" data-e-type=\"widget\" data-widget_type=\"text-editor.default\">\n\t\t\t\t\t\t\t\t\t<p>Lo que me define<\/p>\t\t\t\t\t\t\t\t<\/div>\n\t\t\t\t<div class=\"elementor-element elementor-element-ff2fc68 elementor-widget elementor-widget-heading\" data-id=\"ff2fc68\" data-element_type=\"widget\" data-e-type=\"widget\" data-widget_type=\"heading.default\">\n\t\t\t\t\t<h2 class=\"elementor-heading-title elementor-size-default\">3 cosas que quiero que te lleves de mi consulta<\/h2>\t\t\t\t<\/div>\n\t\t\t\t<div class=\"elementor-element elementor-element-0aed953 elementor-widget elementor-widget-spacer\" data-id=\"0aed953\" data-element_type=\"widget\" data-e-type=\"widget\" data-widget_type=\"spacer.default\">\n\t\t\t\t\t\t\t<div class=\"elementor-spacer\">\n\t\t\t<div class=\"elementor-spacer-inner\"><\/div>\n\t\t<\/div>\n\t\t\t\t\t\t<\/div>\n\t\t\t\t\t<\/div>\n\t\t\t\t<\/div>\n\t\t<div class=\"elementor-element elementor-element-6583c5f e-flex e-con-boxed elementor-invisible e-con e-parent\" data-id=\"6583c5f\" data-element_type=\"container\" data-e-type=\"container\" data-settings=\"{&quot;animation&quot;:&quot;fadeInRight&quot;}\">\n\t\t\t\t\t<div class=\"e-con-inner\">\n\t\t<div class=\"elementor-element elementor-element-2fbd2f3 e-con-full e-flex e-con e-child\" data-id=\"2fbd2f3\" data-element_type=\"container\" data-e-type=\"container\" data-settings=\"{&quot;background_background&quot;:&quot;classic&quot;}\">\n\t\t\t\t<div class=\"elementor-element elementor-element-1ad624d elementor-widget elementor-widget-heading\" data-id=\"1ad624d\" data-element_type=\"widget\" data-e-type=\"widget\" data-widget_type=\"heading.default\">\n\t\t\t\t\t<h2 class=\"elementor-heading-title elementor-size-default\">Claridad<\/h2>\t\t\t\t<\/div>\n\t\t\t\t<div class=\"elementor-element elementor-element-d07a350 elementor-widget elementor-widget-text-editor\" data-id=\"d07a350\" data-element_type=\"widget\" data-e-type=\"widget\" data-widget_type=\"text-editor.default\">\n\t\t\t\t\t\t\t\t\t<p>Entender qu\u00e9 te pasa y por qu\u00e9 te est\u00e1 afectando.<\/p>\t\t\t\t\t\t\t\t<\/div>\n\t\t\t\t<\/div>\n\t\t<div class=\"elementor-element elementor-element-89aca58 e-con-full e-flex e-con e-child\" data-id=\"89aca58\" data-element_type=\"container\" data-e-type=\"container\" data-settings=\"{&quot;background_background&quot;:&quot;classic&quot;}\">\n\t\t\t\t<div class=\"elementor-element elementor-element-34b410b elementor-widget elementor-widget-heading\" data-id=\"34b410b\" data-element_type=\"widget\" data-e-type=\"widget\" data-widget_type=\"heading.default\">\n\t\t\t\t\t<h2 class=\"elementor-heading-title elementor-size-default\">Herramientas<\/h2>\t\t\t\t<\/div>\n\t\t\t\t<div class=\"elementor-element elementor-element-586821a elementor-widget elementor-widget-text-editor\" data-id=\"586821a\" data-element_type=\"widget\" data-e-type=\"widget\" data-widget_type=\"text-editor.default\">\n\t\t\t\t\t\t\t\t\t<p>Aprender estrategias para gestionar lo que te preocupa.<\/p>\t\t\t\t\t\t\t\t<\/div>\n\t\t\t\t<\/div>\n\t\t<div class=\"elementor-element elementor-element-21198b0 e-con-full e-flex e-con e-child\" data-id=\"21198b0\" data-element_type=\"container\" data-e-type=\"container\">\n\t\t\t\t<div class=\"elementor-element elementor-element-3453e8e elementor-widget elementor-widget-heading\" data-id=\"3453e8e\" data-element_type=\"widget\" data-e-type=\"widget\" data-widget_type=\"heading.default\">\n\t\t\t\t\t<h2 class=\"elementor-heading-title elementor-size-default\">Confianza<\/h2>\t\t\t\t<\/div>\n\t\t\t\t<div class=\"elementor-element elementor-element-f2c9f9b elementor-widget elementor-widget-text-editor\" data-id=\"f2c9f9b\" data-element_type=\"widget\" data-e-type=\"widget\" data-widget_type=\"text-editor.default\">\n\t\t\t\t\t\t\t\t\t<p>Sentir que puedes con esto, y que no tienes que hacerlo todo sola\/o.<\/p>\t\t\t\t\t\t\t\t<\/div>\n\t\t\t\t<\/div>\n\t\t\t\t\t<\/div>\n\t\t\t\t<\/div>\n\t\t<div class=\"elementor-element elementor-element-d007dca e-flex e-con-boxed e-con e-parent\" data-id=\"d007dca\" data-element_type=\"container\" data-e-type=\"container\">\n\t\t\t\t\t<div class=\"e-con-inner\">\n\t\t\t\t<div class=\"elementor-element elementor-element-af985cc elementor-widget elementor-widget-spacer\" data-id=\"af985cc\" data-element_type=\"widget\" data-e-type=\"widget\" data-widget_type=\"spacer.default\">\n\t\t\t\t\t\t\t<div class=\"elementor-spacer\">\n\t\t\t<div class=\"elementor-spacer-inner\"><\/div>\n\t\t<\/div>\n\t\t\t\t\t\t<\/div>\n\t\t\t\t\t<\/div>\n\t\t\t\t<\/div>\n\t\t\t\t<\/div>\n\t\t","protected":false},"excerpt":{"rendered":"<p>Sobre m\u00ed Con\u00f3ceme un poco m\u00e1s C\u00f3mo acab\u00e9 aqu\u00ed (y por qu\u00e9 me encanta) Andrea Vicedo Pastor, psic\u00f3loga general sanitaria Colegiada N\u00ba CV19031 \u00a0 Desde peque\u00f1a siempre me llam\u00f3 la atenci\u00f3n la conducta humana. He sido de las que se quedan pensando en cosas como: \u201c\u00bfPor qu\u00e9 hacemos esto?\u201d, \u201c\u00bfPor qu\u00e9 sentimos aquello?\u201d, o \u201c\u00bfPor [&hellip;]<\/p>\n","protected":false},"author":1,"featured_media":0,"parent":0,"menu_order":2,"comment_status":"closed","ping_status":"closed","template":"","meta":{"_joinchat":[],"footnotes":""},"class_list":["post-12","page","type-page","status-publish","hentry"],"_links":{"self":[{"href":"https:\/\/andreavicedopsicologa.com\/index.php?rest_route=\/wp\/v2\/pages\/12","targetHints":{"allow":["GET"]}}],"collection":[{"href":"https:\/\/andreavicedopsicologa.com\/index.php?rest_route=\/wp\/v2\/pages"}],"about":[{"href":"https:\/\/andreavicedopsicologa.com\/index.php?rest_route=\/wp\/v2\/types\/page"}],"author":[{"embeddable":true,"href":"https:\/\/andreavicedopsicologa.com\/index.php?rest_route=\/wp\/v2\/users\/1"}],"replies":[{"embeddable":true,"href":"https:\/\/andreavicedopsicologa.com\/index.php?rest_route=%2Fwp%2Fv2%2Fcomments&post=12"}],"version-history":[{"count":76,"href":"https:\/\/andreavicedopsicologa.com\/index.php?rest_route=\/wp\/v2\/pages\/12\/revisions"}],"predecessor-version":[{"id":650,"href":"https:\/\/andreavicedopsicologa.com\/index.php?rest_route=\/wp\/v2\/pages\/12\/revisions\/650"}],"wp:attachment":[{"href":"https:\/\/andreavicedopsicologa.com\/index.php?rest_route=%2Fwp%2Fv2%2Fmedia&parent=12"}],"curies":[{"name":"wp","href":"https:\/\/api.w.org\/{rel}","templated":true}]}}