{"id":652,"date":"2026-01-28T16:53:27","date_gmt":"2026-01-28T16:53:27","guid":{"rendered":"https:\/\/andreavicedopsicologa.com\/?page_id=652"},"modified":"2026-01-28T18:19:10","modified_gmt":"2026-01-28T18:19:10","slug":"politica-de-privacidad","status":"publish","type":"page","link":"https:\/\/andreavicedopsicologa.com\/?page_id=652","title":{"rendered":"Pol\u00edtica de Privacidad"},"content":{"rendered":"\t\t<div data-elementor-type=\"wp-page\" data-elementor-id=\"652\" class=\"elementor elementor-652\" data-elementor-post-type=\"page\">\n\t\t\t\t<div class=\"elementor-element elementor-element-857de4a e-flex e-con-boxed e-con e-parent\" data-id=\"857de4a\" data-element_type=\"container\" data-e-type=\"container\">\n\t\t\t\t\t<div class=\"e-con-inner\">\n\t\t\t\t<div class=\"elementor-element elementor-element-4a67ab4 elementor-widget elementor-widget-spacer\" data-id=\"4a67ab4\" data-element_type=\"widget\" data-e-type=\"widget\" data-widget_type=\"spacer.default\">\n\t\t\t\t\t\t\t<div class=\"elementor-spacer\">\n\t\t\t<div class=\"elementor-spacer-inner\"><\/div>\n\t\t<\/div>\n\t\t\t\t\t\t<\/div>\n\t\t\t\t<div class=\"elementor-element elementor-element-1296211 elementor-widget elementor-widget-heading\" data-id=\"1296211\" data-element_type=\"widget\" data-e-type=\"widget\" data-widget_type=\"heading.default\">\n\t\t\t\t\t<h2 class=\"elementor-heading-title elementor-size-default\">Pol\u00edtica de privacidad<\/h2>\t\t\t\t<\/div>\n\t\t\t\t\t<\/div>\n\t\t\t\t<\/div>\n\t\t<div class=\"elementor-element elementor-element-aa4d665 e-flex e-con-boxed e-con e-parent\" data-id=\"aa4d665\" data-element_type=\"container\" data-e-type=\"container\">\n\t\t\t\t\t<div class=\"e-con-inner\">\n\t\t\t\t<div class=\"elementor-element elementor-element-b6d1897 elementor-widget elementor-widget-spacer\" data-id=\"b6d1897\" data-element_type=\"widget\" data-e-type=\"widget\" data-widget_type=\"spacer.default\">\n\t\t\t\t\t\t\t<div class=\"elementor-spacer\">\n\t\t\t<div class=\"elementor-spacer-inner\"><\/div>\n\t\t<\/div>\n\t\t\t\t\t\t<\/div>\n\t\t\t\t<div class=\"elementor-element elementor-element-521fbbf elementor-widget elementor-widget-spacer\" data-id=\"521fbbf\" data-element_type=\"widget\" data-e-type=\"widget\" data-widget_type=\"spacer.default\">\n\t\t\t\t\t\t\t<div class=\"elementor-spacer\">\n\t\t\t<div class=\"elementor-spacer-inner\"><\/div>\n\t\t<\/div>\n\t\t\t\t\t\t<\/div>\n\t\t\t\t<div class=\"elementor-element elementor-element-052c239 elementor-widget elementor-widget-heading\" data-id=\"052c239\" data-element_type=\"widget\" data-e-type=\"widget\" data-widget_type=\"heading.default\">\n\t\t\t\t\t<h2 class=\"elementor-heading-title elementor-size-default\">1. Identidad y datos del responsable del tratamiento.<\/h2>\t\t\t\t<\/div>\n\t\t\t\t<div class=\"elementor-element elementor-element-57f01d0 elementor-widget elementor-widget-text-editor\" data-id=\"57f01d0\" data-element_type=\"widget\" data-e-type=\"widget\" data-widget_type=\"text-editor.default\">\n\t\t\t\t\t\t\t\t\t<ul><li><strong>Responsable<\/strong>: Andrea Vicedo Pastor<\/li><li><strong>Correo Electr\u00f3nico<\/strong>:\u00a0<a rel=\"noopener\">andreavicedo.psicologa@gmail.com<\/a><\/li><li><strong>Tel\u00e9fono de Contacto<\/strong>:\u00a0<a rel=\"noopener\">+34 602 05 00 76<\/a><\/li><\/ul>\t\t\t\t\t\t\t\t<\/div>\n\t\t\t\t<div class=\"elementor-element elementor-element-7856db1 elementor-widget elementor-widget-spacer\" data-id=\"7856db1\" data-element_type=\"widget\" data-e-type=\"widget\" data-widget_type=\"spacer.default\">\n\t\t\t\t\t\t\t<div class=\"elementor-spacer\">\n\t\t\t<div class=\"elementor-spacer-inner\"><\/div>\n\t\t<\/div>\n\t\t\t\t\t\t<\/div>\n\t\t\t\t<div class=\"elementor-element elementor-element-3ad7905 elementor-widget elementor-widget-heading\" data-id=\"3ad7905\" data-element_type=\"widget\" data-e-type=\"widget\" data-widget_type=\"heading.default\">\n\t\t\t\t\t<h2 class=\"elementor-heading-title elementor-size-default\">2. Finalidades, legitimaci\u00f3n y conservaci\u00f3n de los tratamientos de los datos enviados a trav\u00e9s de:<\/h2>\t\t\t\t<\/div>\n\t\t\t\t<div class=\"elementor-element elementor-element-a3437b1 elementor-widget elementor-widget-text-editor\" data-id=\"a3437b1\" data-element_type=\"widget\" data-e-type=\"widget\" data-widget_type=\"text-editor.default\">\n\t\t\t\t\t\t\t\t\t<p><b><u>Formulario de Contacto<\/u><\/b><\/p><p>\u2013\u00a0<b>Finalidad<\/b>: facilitarle un medio para que pueda ponerse en contacto con nosotros y contestar a sus solicitudes de informaci\u00f3n, as\u00ed como enviarle comunicaciones de nuestros productos, servicios y actividades, inclusive por medios electr\u00f3nicos (correo electr\u00f3nico, SMS, etc.), si marca la casilla de aceptaci\u00f3n.<\/p><p>\u2013\u00a0<b>Legitimaci\u00f3n<\/b>: el consentimiento del usuario al solicitarnos informaci\u00f3n a trav\u00e9s de nuestro formulario de contactos y al marcar la casilla de aceptaci\u00f3n de env\u00edo de informaci\u00f3n.<\/p><p>\u2013\u00a0<b>Conservaci\u00f3n<\/b>: una vez resuelta su solicitud por medio de nuestro formulario o contestada por correo electr\u00f3nico, si no ha generado un nuevo tratamiento, y en caso de haber aceptado recibir env\u00edos comerciales, hasta que solicite la baja de los mismos.<\/p><p><b><u>Env\u00edo de correos electr\u00f3nicos<\/u><\/b><\/p><p><b>Finalidad<\/b>: contestar a sus solicitudes de informaci\u00f3n, atender sus peticiones y responder sus consultas o dudas.\u00a0\u00a0En caso de recibir su Curr\u00edculum Vitae, sus datos personales y curriculares podr\u00e1n formar parte de nuestras bases de datos para participar en nuestros procesos de selecci\u00f3n presentes y futuros.<\/p><p><b>Legitimaci\u00f3n<\/b>: el consentimiento del usuario al solicitarnos informaci\u00f3n a trav\u00e9s de la direcci\u00f3n de correo electr\u00f3nico o enviarnos sus datos y CV para participar en nuestros procesos de selecci\u00f3n.<\/p><p><b>Conservaci\u00f3n<\/b>: una vez resulta contestada su petici\u00f3n por correo electr\u00f3nico, si no ha generado un nuevo tratamiento. En el caso de recibir su CV, sus datos podr\u00e1n ser conservados durante un a\u00f1o m\u00e1ximo para futuros procesos de selecci\u00f3n.<br \/>Obligaci\u00f3n de facilitarnos sus datos personales y consecuencias de no hacerlo.<\/p><p>El suministro de datos personales requiere una edad m\u00ednima de 14 a\u00f1os o, en su caso, la edad m\u00ednima que establezca la normativa de protecci\u00f3n de datos aplicable y\/o disponer de capacidad jur\u00eddica suficiente para contratar.<\/p><p>Los datos personales solicitados son necesarios para gestionar sus solicitudes, darle de alta como usuario y\/o prestarle los servicios que pueda contratar, por lo que, si no nos los facilita, no podremos atenderle correctamente ni prestarle el servicio que ha solicitado.<\/p><p>En todo caso, nos reservamos el derecho\u00a0de decidir sobre la incorporaci\u00f3n o no de sus datos personales y dem\u00e1s informaci\u00f3n\u00a0a nuestras bases de datos.<\/p>\t\t\t\t\t\t\t\t<\/div>\n\t\t\t\t<div class=\"elementor-element elementor-element-f312b4d elementor-widget elementor-widget-spacer\" data-id=\"f312b4d\" data-element_type=\"widget\" data-e-type=\"widget\" data-widget_type=\"spacer.default\">\n\t\t\t\t\t\t\t<div class=\"elementor-spacer\">\n\t\t\t<div class=\"elementor-spacer-inner\"><\/div>\n\t\t<\/div>\n\t\t\t\t\t\t<\/div>\n\t\t\t\t<div class=\"elementor-element elementor-element-b7fe4f5 elementor-widget elementor-widget-heading\" data-id=\"b7fe4f5\" data-element_type=\"widget\" data-e-type=\"widget\" data-widget_type=\"heading.default\">\n\t\t\t\t\t<h2 class=\"elementor-heading-title elementor-size-default\">3. Destinatarios de sus datos.<\/h2>\t\t\t\t<\/div>\n\t\t\t\t<div class=\"elementor-element elementor-element-8264387 elementor-widget elementor-widget-text-editor\" data-id=\"8264387\" data-element_type=\"widget\" data-e-type=\"widget\" data-widget_type=\"text-editor.default\">\n\t\t\t\t\t\t\t\t\t<p>No se ceder\u00e1n datos personales a terceros, salvo obligaci\u00f3n legal o en el caso de que sea necesario para prestar el servicio solicitado, como proveedores de servicios tecnol\u00f3gicos.<\/p>\t\t\t\t\t\t\t\t<\/div>\n\t\t\t\t<div class=\"elementor-element elementor-element-cdb4b0a elementor-widget elementor-widget-spacer\" data-id=\"cdb4b0a\" data-element_type=\"widget\" data-e-type=\"widget\" data-widget_type=\"spacer.default\">\n\t\t\t\t\t\t\t<div class=\"elementor-spacer\">\n\t\t\t<div class=\"elementor-spacer-inner\"><\/div>\n\t\t<\/div>\n\t\t\t\t\t\t<\/div>\n\t\t\t\t<div class=\"elementor-element elementor-element-5422893 elementor-widget elementor-widget-heading\" data-id=\"5422893\" data-element_type=\"widget\" data-e-type=\"widget\" data-widget_type=\"heading.default\">\n\t\t\t\t\t<h2 class=\"elementor-heading-title elementor-size-default\">4. Derechos en relaci\u00f3n con sus datos personales.<\/h2>\t\t\t\t<\/div>\n\t\t\t\t<div class=\"elementor-element elementor-element-2981f73 elementor-widget elementor-widget-text-editor\" data-id=\"2981f73\" data-element_type=\"widget\" data-e-type=\"widget\" data-widget_type=\"text-editor.default\">\n\t\t\t\t\t\t\t\t\t<p>Cualquier persona puede retirar su consentimiento en cualquier momento, cuando el mismo se haya otorgado para el tratamiento de sus datos. En ning\u00fan caso, la retirada de este consentimiento condiciona la ejecuci\u00f3n del contrato de suscripci\u00f3n o las relaciones generadas con anterioridad.<\/p><p>Igualmente, puede ejercer los siguientes derechos:<\/p><p>\u2013 Solicitar el acceso a sus datos personales o su rectificaci\u00f3n cuando sean inexactos.<br \/>\u2013 Solicitar su supresi\u00f3n cuando, entre otros motivos, los datos ya no sean necesarios para los fines para los que fueron recogidos.<br \/>\u2013 Solicitar la limitaci\u00f3n de su tratamiento en determinadas circunstancias.<br \/>\u2013 Solicitar la oposici\u00f3n al tratamiento de sus datos por motivos relacionados con su situaci\u00f3n particular.<br \/>\u2013 Solicitar la portabilidad de los datos en los casos previstos en la normativa.<br \/>\u2013 Otros derechos reconocidos en las normativas aplicables.<\/p><p><u>D\u00f3nde y c\u00f3mo solicitar sus Derechos<\/u>: Mediante un escrito dirigido al responsable a su direcci\u00f3n postal o electr\u00f3nica (indicadas en el apartado A), indicando la referencia \u201cDatos Personales\u201d, especificando el derecho que se quiere ejercer y respecto a qu\u00e9 datos personales.<\/p><p>En caso de divergencias con la empresa en relaci\u00f3n con el tratamiento de sus datos, puede presentar una reclamaci\u00f3n ante la Agencia de Protecci\u00f3n de Datos (www.agpd.es).<\/p>\t\t\t\t\t\t\t\t<\/div>\n\t\t\t\t<div class=\"elementor-element elementor-element-6e5cfad elementor-widget elementor-widget-spacer\" data-id=\"6e5cfad\" data-element_type=\"widget\" data-e-type=\"widget\" data-widget_type=\"spacer.default\">\n\t\t\t\t\t\t\t<div class=\"elementor-spacer\">\n\t\t\t<div class=\"elementor-spacer-inner\"><\/div>\n\t\t<\/div>\n\t\t\t\t\t\t<\/div>\n\t\t\t\t<div class=\"elementor-element elementor-element-fd11aea elementor-widget elementor-widget-heading\" data-id=\"fd11aea\" data-element_type=\"widget\" data-e-type=\"widget\" data-widget_type=\"heading.default\">\n\t\t\t\t\t<h2 class=\"elementor-heading-title elementor-size-default\">5. Medidas de Seguridad<\/h2>\t\t\t\t<\/div>\n\t\t\t\t<div class=\"elementor-element elementor-element-fe93d51 elementor-widget elementor-widget-text-editor\" data-id=\"fe93d51\" data-element_type=\"widget\" data-e-type=\"widget\" data-widget_type=\"text-editor.default\">\n\t\t\t\t\t\t\t\t\t<p><a href=\"https:\/\/andreavicedopsicologa.com\/\">andreavicedopsicologa.com<\/a>\u00a0adopta las medidas t\u00e9cnicas y organizativas necesarias para garantizar la seguridad de los datos personales y evitar su alteraci\u00f3n, p\u00e9rdida, tratamiento o acceso no autorizado.<\/p>\t\t\t\t\t\t\t\t<\/div>\n\t\t\t\t<div class=\"elementor-element elementor-element-3a73807 elementor-widget elementor-widget-spacer\" data-id=\"3a73807\" data-element_type=\"widget\" data-e-type=\"widget\" data-widget_type=\"spacer.default\">\n\t\t\t\t\t\t\t<div class=\"elementor-spacer\">\n\t\t\t<div class=\"elementor-spacer-inner\"><\/div>\n\t\t<\/div>\n\t\t\t\t\t\t<\/div>\n\t\t\t\t<div class=\"elementor-element elementor-element-9b64e13 elementor-widget elementor-widget-heading\" data-id=\"9b64e13\" data-element_type=\"widget\" data-e-type=\"widget\" data-widget_type=\"heading.default\">\n\t\t\t\t\t<h2 class=\"elementor-heading-title elementor-size-default\">6. Actualizaci\u00f3n de sus datos.<\/h2>\t\t\t\t<\/div>\n\t\t\t\t<div class=\"elementor-element elementor-element-4865d15 elementor-widget elementor-widget-text-editor\" data-id=\"4865d15\" data-element_type=\"widget\" data-e-type=\"widget\" data-widget_type=\"text-editor.default\">\n\t\t\t\t\t\t\t\t\t<p>Es importante que para que podamos mantener sus datos personales actualizados, nos informe siempre que haya habido alguna modificaci\u00f3n en ellos, en caso contrario, no respondemos de la veracidad de los mismos.<\/p><p>No nos hacemos responsables de la pol\u00edtica de privacidad respecto a los datos personales que pueda facilitar a terceros por medio de los enlaces disponibles en nuestra p\u00e1gina web.<\/p><p>La presente Pol\u00edtica de Privacidad puede ser modificada para adaptarlas a los cambios que se produzca en nuestra web, as\u00ed como modificaciones legislativas o jurisprudenciales sobre datos personales que vayan apareciendo, por lo que exige su lectura, cada vez que nos facilite sus datos a trav\u00e9s de esta Web.<\/p><p><b><u>RESPONSABILIDADES<\/u><\/b><\/p><p>Al poner a disposici\u00f3n del usuario esta p\u00e1gina Web queremos ofrecerle un servicio de calidad, utilizando la m\u00e1xima diligencia en la prestaci\u00f3n del mismo, as\u00ed como en los medios tecnol\u00f3gicos utilizados. No obstante, no responderemos de la presencia de virus y otros elementos que de alg\u00fan modo puedan da\u00f1ar el sistema inform\u00e1tico del usuario.<\/p><p>No garantizamos que la disponibilidad del servicio sea continua e ininterrumpida.<\/p><p>El USUARIO tiene prohibido cualquier tipo de acci\u00f3n sobre nuestro portal que origine una excesiva sobrecarga de funcionamiento a nuestros sistemas inform\u00e1ticos, as\u00ed como la introducci\u00f3n de virus, o instalaci\u00f3n de robots, o software que altere el normal funcionamiento de nuestra web, o en definitiva pueda causar da\u00f1os a nuestros sistemas inform\u00e1ticos.<\/p><p>El USUARIO asume toda la responsabilidad derivada del uso de nuestra p\u00e1gina web.<br \/>El USUARIO reconoce que ha entendido toda la informaci\u00f3n respecto a las condiciones de uso de nuestro portal, y reconoce que son suficientes para la exclusi\u00f3n del error en las mismas, y por lo tanto, las acepta integra y expresamente.<\/p>\t\t\t\t\t\t\t\t<\/div>\n\t\t\t\t<div class=\"elementor-element elementor-element-255fc52 elementor-widget elementor-widget-spacer\" data-id=\"255fc52\" data-element_type=\"widget\" data-e-type=\"widget\" data-widget_type=\"spacer.default\">\n\t\t\t\t\t\t\t<div class=\"elementor-spacer\">\n\t\t\t<div class=\"elementor-spacer-inner\"><\/div>\n\t\t<\/div>\n\t\t\t\t\t\t<\/div>\n\t\t\t\t\t<\/div>\n\t\t\t\t<\/div>\n\t\t\t\t<\/div>\n\t\t","protected":false},"excerpt":{"rendered":"<p>Pol\u00edtica de privacidad 1. Identidad y datos del responsable del tratamiento. Responsable: Andrea Vicedo Pastor Correo Electr\u00f3nico:\u00a0andreavicedo.psicologa@gmail.com Tel\u00e9fono de Contacto:\u00a0+34 602 05 00 76 2. Finalidades, legitimaci\u00f3n y conservaci\u00f3n de los tratamientos de los datos enviados a trav\u00e9s de: Formulario de Contacto \u2013\u00a0Finalidad: facilitarle un medio para que pueda ponerse en contacto con nosotros y [&hellip;]<\/p>\n","protected":false},"author":1,"featured_media":0,"parent":0,"menu_order":0,"comment_status":"closed","ping_status":"closed","template":"","meta":{"_joinchat":[],"footnotes":""},"class_list":["post-652","page","type-page","status-publish","hentry"],"_links":{"self":[{"href":"https:\/\/andreavicedopsicologa.com\/index.php?rest_route=\/wp\/v2\/pages\/652","targetHints":{"allow":["GET"]}}],"collection":[{"href":"https:\/\/andreavicedopsicologa.com\/index.php?rest_route=\/wp\/v2\/pages"}],"about":[{"href":"https:\/\/andreavicedopsicologa.com\/index.php?rest_route=\/wp\/v2\/types\/page"}],"author":[{"embeddable":true,"href":"https:\/\/andreavicedopsicologa.com\/index.php?rest_route=\/wp\/v2\/users\/1"}],"replies":[{"embeddable":true,"href":"https:\/\/andreavicedopsicologa.com\/index.php?rest_route=%2Fwp%2Fv2%2Fcomments&post=652"}],"version-history":[{"count":14,"href":"https:\/\/andreavicedopsicologa.com\/index.php?rest_route=\/wp\/v2\/pages\/652\/revisions"}],"predecessor-version":[{"id":688,"href":"https:\/\/andreavicedopsicologa.com\/index.php?rest_route=\/wp\/v2\/pages\/652\/revisions\/688"}],"wp:attachment":[{"href":"https:\/\/andreavicedopsicologa.com\/index.php?rest_route=%2Fwp%2Fv2%2Fmedia&parent=652"}],"curies":[{"name":"wp","href":"https:\/\/api.w.org\/{rel}","templated":true}]}}